{"id":1387,"date":"2022-12-15T12:37:48","date_gmt":"2022-12-15T11:37:48","guid":{"rendered":"https:\/\/dptrans2010.com\/bewerbung\/"},"modified":"2023-07-03T15:09:15","modified_gmt":"2023-07-03T13:09:15","slug":"bewerbung","status":"publish","type":"page","link":"https:\/\/dptrans2010.com\/de\/bewerbung\/","title":{"rendered":"BEWERBUNG"},"content":{"rendered":"\t\t<div data-elementor-type=\"wp-page\" data-elementor-id=\"1387\" class=\"elementor elementor-1387 elementor-8\">\n\t\t\t\t<div class=\"elementor-element elementor-element-f77f7fc e-con-full e-flex e-con e-parent\" data-id=\"f77f7fc\" data-element_type=\"container\" data-settings=\"{&quot;background_background&quot;:&quot;classic&quot;}\" data-core-v316-plus=\"true\">\n\t\t\t\t<div class=\"elementor-element elementor-element-cd467fb elementor-widget elementor-widget-button\" data-id=\"cd467fb\" data-element_type=\"widget\" data-widget_type=\"button.default\">\n\t\t\t\t<div class=\"elementor-widget-container\">\n\t\t\t\t\t<div class=\"elementor-button-wrapper\">\n\t\t\t<a class=\"elementor-button elementor-button-link elementor-size-sm elementor-animation-grow\" href=\"https:\/\/dptrans2010.com\/de\/\">\n\t\t\t\t\t\t<span class=\"elementor-button-content-wrapper\">\n\t\t\t\t\t\t<span class=\"elementor-button-icon elementor-align-icon-left\">\n\t\t\t\t<svg aria-hidden=\"true\" class=\"e-font-icon-svg e-fas-long-arrow-alt-left\" viewBox=\"0 0 448 512\" xmlns=\"http:\/\/www.w3.org\/2000\/svg\"><path d=\"M134.059 296H436c6.627 0 12-5.373 12-12v-56c0-6.627-5.373-12-12-12H134.059v-46.059c0-21.382-25.851-32.09-40.971-16.971L7.029 239.029c-9.373 9.373-9.373 24.569 0 33.941l86.059 86.059c15.119 15.119 40.971 4.411 40.971-16.971V296z\"><\/path><\/svg>\t\t\t<\/span>\n\t\t\t\t\t\t<span class=\"elementor-button-text\">Zur\u00fcck zur Website<\/span>\n\t\t<\/span>\n\t\t\t\t\t<\/a>\n\t\t<\/div>\n\t\t\t\t<\/div>\n\t\t\t\t<\/div>\n\t\t\t\t<div class=\"elementor-element elementor-element-6d4d90c elementor-widget-mobile__width-inherit elementor-widget elementor-widget-heading\" data-id=\"6d4d90c\" data-element_type=\"widget\" data-widget_type=\"heading.default\">\n\t\t\t\t<div class=\"elementor-widget-container\">\n\t\t\t<style>\/*! elementor - v3.20.0 - 26-03-2024 *\/\n.elementor-heading-title{padding:0;margin:0;line-height:1}.elementor-widget-heading .elementor-heading-title[class*=elementor-size-]>a{color:inherit;font-size:inherit;line-height:inherit}.elementor-widget-heading .elementor-heading-title.elementor-size-small{font-size:15px}.elementor-widget-heading .elementor-heading-title.elementor-size-medium{font-size:19px}.elementor-widget-heading .elementor-heading-title.elementor-size-large{font-size:29px}.elementor-widget-heading .elementor-heading-title.elementor-size-xl{font-size:39px}.elementor-widget-heading .elementor-heading-title.elementor-size-xxl{font-size:59px}<\/style><h2 class=\"elementor-heading-title elementor-size-default\">BEWERBUNG<\/h2>\t\t<\/div>\n\t\t\t\t<\/div>\n\t\t\t\t<\/div>\n\t\t\t\t<section class=\"elementor-section elementor-top-section elementor-element elementor-element-9fdede1 elementor-section-boxed elementor-section-height-default elementor-section-height-default\" data-id=\"9fdede1\" data-element_type=\"section\">\n\t\t\t\t\t\t<div class=\"elementor-container elementor-column-gap-default\">\n\t\t\t\t\t<div class=\"elementor-column elementor-col-100 elementor-top-column elementor-element elementor-element-fe16138\" data-id=\"fe16138\" data-element_type=\"column\">\n\t\t\t<div class=\"elementor-widget-wrap elementor-element-populated\">\n\t\t\t\t\t\t<div class=\"elementor-element elementor-element-5730da1 fluentform-widget-submit-button-custom elementor-widget elementor-widget-fluent-form-widget\" data-id=\"5730da1\" data-element_type=\"widget\" data-widget_type=\"fluent-form-widget.default\">\n\t\t\t\t<div class=\"elementor-widget-container\">\n\t\t\t\n            <div class=\"fluentform-widget-wrapper fluentform-widget-align-default\">\n\n            \n                        <\/div>\n\n            \t\t<\/div>\n\t\t\t\t<\/div>\n\t\t\t\t\t<\/div>\n\t\t<\/div>\n\t\t\t\t\t<\/div>\n\t\t<\/section>\n\t\t\t\t<section class=\"elementor-section elementor-top-section elementor-element elementor-element-ca34887 elementor-section-boxed elementor-section-height-default elementor-section-height-default\" data-id=\"ca34887\" data-element_type=\"section\">\n\t\t\t\t\t\t<div class=\"elementor-container elementor-column-gap-default\">\n\t\t\t\t\t<div class=\"elementor-column elementor-col-100 elementor-top-column elementor-element elementor-element-c7a8b4b\" data-id=\"c7a8b4b\" data-element_type=\"column\">\n\t\t\t<div class=\"elementor-widget-wrap elementor-element-populated\">\n\t\t\t\t\t\t<div class=\"elementor-element elementor-element-c032264 elementor-widget elementor-widget-shortcode\" data-id=\"c032264\" data-element_type=\"widget\" data-widget_type=\"shortcode.default\">\n\t\t\t\t<div class=\"elementor-widget-container\">\n\t\t\t\t\t<div class=\"elementor-shortcode\">\n<\/div>\n\t\t\t\t<\/div>\n\t\t\t\t<\/div>\n\t\t\t\t\t<\/div>\n\t\t<\/div>\n\t\t\t\t\t<\/div>\n\t\t<\/section>\n\t\t\t\t<section class=\"elementor-section elementor-top-section elementor-element elementor-element-eab3408 elementor-section-boxed elementor-section-height-default elementor-section-height-default\" data-id=\"eab3408\" data-element_type=\"section\">\n\t\t\t\t\t\t<div class=\"elementor-container elementor-column-gap-default\">\n\t\t\t\t\t<div class=\"elementor-column elementor-col-100 elementor-top-column elementor-element elementor-element-5db9720\" data-id=\"5db9720\" data-element_type=\"column\">\n\t\t\t<div class=\"elementor-widget-wrap\">\n\t\t\t\t\t\t\t<\/div>\n\t\t<\/div>\n\t\t\t\t\t<\/div>\n\t\t<\/section>\n\t\t\t\t<section class=\"elementor-section elementor-top-section elementor-element elementor-element-a015adf elementor-section-boxed elementor-section-height-default elementor-section-height-default\" data-id=\"a015adf\" data-element_type=\"section\">\n\t\t\t\t\t\t<div class=\"elementor-container elementor-column-gap-default\">\n\t\t\t\t\t<div class=\"elementor-column elementor-col-100 elementor-top-column elementor-element elementor-element-2236813\" data-id=\"2236813\" data-element_type=\"column\">\n\t\t\t<div class=\"elementor-widget-wrap elementor-element-populated\">\n\t\t\t\t\t\t<div class=\"elementor-element elementor-element-fe127ee fluentform-widget-submit-button-custom elementor-widget elementor-widget-fluent-form-widget\" data-id=\"fe127ee\" data-element_type=\"widget\" data-widget_type=\"fluent-form-widget.default\">\n\t\t\t\t<div class=\"elementor-widget-container\">\n\t\t\t\n            <div class=\"fluentform-widget-wrapper fluentform-widget-align-left\">\n\n            \n            <div class='fluentform ff-default fluentform_wrapper_10 ffs_default_wrap'><form data-form_id=\"10\" id=\"fluentform_10\" class=\"frm-fluent-form fluent_form_10 ff-el-form-top ff_form_instance_10_1 ff-form-loading ffs_default\" data-form_instance=\"ff_form_instance_10_1\" method=\"POST\" ><fieldset  style=\"border: none!important;margin: 0!important;padding: 0!important;background-color: transparent!important;box-shadow: none!important;outline: none!important; min-inline-size: 100%;\">\n                    <legend class=\"ff_screen_reader_title\" style=\"display: block; margin: 0!important;padding: 0!important;height: 0!important;text-indent: -999999px;width: 0!important;overflow:hidden;\">Job Aplication DE (#6) (#10)<\/legend><p style=\"display: none !important;\" class=\"akismet-fields-container\" data-prefix=\"ak_\"><label>&#916;<textarea name=\"ak_hp_textarea\" cols=\"45\" rows=\"8\" maxlength=\"100\"><\/textarea><\/label><input type=\"hidden\" id=\"ak_js_1\" name=\"ak_js\" value=\"45\"\/><script>document.getElementById( \"ak_js_1\" ).setAttribute( \"value\", ( new Date() ).getTime() );<\/script><\/p><input type='hidden' name='__fluent_form_embded_post_id' value='1387' \/><input type=\"hidden\" id=\"_fluentform_10_fluentformnonce\" name=\"_fluentform_10_fluentformnonce\" value=\"5b3b01cb20\" \/><input type=\"hidden\" name=\"_wp_http_referer\" value=\"\/de\/wp-json\/wp\/v2\/pages\/1387\" \/><div class='ff-el-group'><div class=\"ff-el-input--label ff-el-is-required asterisk-right\"><label  aria-label=\"Auf was f\u00fcr eine Stelle bewirbst du dich?\">Auf was f\u00fcr eine Stelle bewirbst du dich?<\/label><\/div><div class='ff-el-input--content'><div class='ff-el-form-check ff-el-form-check-'><label class='ff-el-form-check-label' for=checkbox_d7ad709cb35533fd1dfc27443f43adbb><input  type=\"checkbox\" name=\"checkbox[]\" data-name=\"checkbox\" class=\"ff-el-form-check-input ff-el-form-check-checkbox\" value=\"Treiber\"  id='checkbox_d7ad709cb35533fd1dfc27443f43adbb' aria-label='Treiber' aria-invalid='false' aria-required=true> <span>Treiber<\/span><\/label><\/div><\/div><\/div><div data-name=\"ff_cn_id_1\"  class='ff-t-container ff-column-container ff_columns_total_3 Personal Information '><div class='ff-t-cell ff-t-column-1' style='flex-basis: 50.87%;'><div data-type=\"name-element\" data-name=\"names\" class=\" ff-field_container ff-name-field-wrapper\" ><div class='ff-t-container'><div class='ff-t-cell '><div class='ff-el-group  ff-el-form-top'><div class=\"ff-el-input--label ff-el-is-required asterisk-right\"><label for='ff_10_names_first_name_' aria-label=\"Vorname\">Vorname<\/label><\/div><div class='ff-el-input--content'><input type=\"text\" name=\"names[first_name]\" id=\"ff_10_names_first_name_\" class=\"ff-el-form-control\" placeholder=\"Vorname\" aria-invalid=\"false\" aria-required=true><\/div><\/div><\/div><\/div><\/div><\/div><div class='ff-t-cell ff-t-column-2' style='flex-basis: 24.13%;'><div data-type=\"name-element\" data-name=\"names_1\" class=\" ff-field_container ff-name-field-wrapper\" ><div class='ff-t-container'><div class='ff-t-cell '><div class='ff-el-group  ff-el-form-top'><div class=\"ff-el-input--label ff-el-is-required asterisk-right\"><label for='ff_10_names_1_last_name_' aria-label=\"Nachname\">Nachname<\/label><\/div><div class='ff-el-input--content'><input type=\"text\" name=\"names_1[last_name]\" id=\"ff_10_names_1_last_name_\" class=\"ff-el-form-control\" placeholder=\"Nachname\" aria-invalid=\"false\" aria-required=true><\/div><\/div><\/div><\/div><\/div><\/div><div class='ff-t-cell ff-t-column-3' style='flex-basis: 25%;'><div class='ff-el-group ff-el-form-top'><div class=\"ff-el-input--label ff-el-is-required asterisk-right\"><label for='ff_10_datetime' aria-label=\"Geburtsdatum\">Geburtsdatum<\/label><\/div><div class='ff-el-input--content'><input data-type-datepicker data-format='d\/m\/Y' type=\"text\" name=\"datetime\" id=\"ff_10_datetime\" class=\"ff-el-form-control ff-el-datepicker\" data-name=\"datetime\"  aria-invalid='false' aria-required=true><\/div><\/div><\/div><\/div><div data-name=\"ff_cn_id_2\"  class='ff-t-container ff-column-container ff_columns_total_2  '><div class='ff-t-cell ff-t-column-1' style='flex-basis: 50.44%;'><div class='ff-el-group'><div class=\"ff-el-input--label ff-el-is-required asterisk-right\"><label for='ff_10_input_text' aria-label=\"Telefonnummer\">Telefonnummer<\/label><\/div><div class='ff-el-input--content'><input type=\"text\" name=\"input_text\" class=\"ff-el-form-control\" data-name=\"input_text\" id=\"ff_10_input_text\"  aria-invalid=\"false\" aria-required=true><\/div><\/div><\/div><div class='ff-t-cell ff-t-column-2' style='flex-basis: 49.56%;'><div class='ff-el-group'><div class=\"ff-el-input--label ff-el-is-required asterisk-right\"><label for='ff_10_email' aria-label=\"Email\">Email<\/label><\/div><div class='ff-el-input--content'><input type=\"email\" name=\"email\" id=\"ff_10_email\" class=\"ff-el-form-control\" placeholder=\"E-Mail-Addresse\" data-name=\"email\"  aria-invalid=\"false\" aria-required=true><\/div><\/div><\/div><\/div><div data-name=\"ff_cn_id_3\"  class='ff-t-container ff-column-container ff_columns_total_1  '><div class='ff-t-cell ff-t-column-1' style='flex-basis: 100%;'><div class='ff-el-group  ff_list_inline'><div class=\"ff-el-input--label ff-el-is-required asterisk-right\"><label  aria-label=\"Besitzen Sie derzeit eine g\u00fcltige ADR-Lizenz?\">Besitzen Sie derzeit eine g\u00fcltige ADR-Lizenz?<\/label><\/div><div class='ff-el-input--content'><div class='ff-el-form-check ff-el-form-check-'><label class='ff-el-form-check-label' for=input_radio_1_18de9a43a81ca7f951f8b8452fe1515d><input  type=\"radio\" name=\"input_radio_1\" data-name=\"input_radio_1\" class=\"ff-el-form-check-input ff-el-form-check-radio\" value=\"Ja\"  id='input_radio_1_18de9a43a81ca7f951f8b8452fe1515d' aria-label='Ja' aria-invalid='false' aria-required=true> <span>Ja<\/span><\/label><\/div><div class='ff-el-form-check ff-el-form-check-'><label class='ff-el-form-check-label' for=input_radio_1_655a88d168b3188783379059c3634d86><input  type=\"radio\" name=\"input_radio_1\" data-name=\"input_radio_1\" class=\"ff-el-form-check-input ff-el-form-check-radio\" value=\"Nein\"  id='input_radio_1_655a88d168b3188783379059c3634d86' aria-label='Nein' aria-invalid='false' aria-required=true> <span>Nein<\/span><\/label><\/div><\/div><\/div><\/div><\/div><div data-name=\"ff_cn_id_4\"  class='ff-t-container ff-column-container ff_columns_total_1  '><div class='ff-t-cell ff-t-column-1' style='flex-basis: 100%;'><div class='ff-el-group'><div class=\"ff-el-input--label asterisk-right\"><label for='ff_10_input_text_24' aria-label=\"Empfohlen von\">Empfohlen von<\/label><\/div><div class='ff-el-input--content'><input type=\"text\" name=\"input_text_24\" class=\"ff-el-form-control\" data-name=\"input_text_24\" id=\"ff_10_input_text_24\"  aria-invalid=\"false\" aria-required=false><\/div><\/div><\/div><\/div><div class='ff-el-group ff-text-left ff_submit_btn_wrapper'><button type=\"submit\" class=\"ff-btn ff-btn-submit ff-btn-md ff_btn_style\" >Bewerbung senden<\/button><\/div><\/fieldset><\/form><div id='fluentform_10_errors' class='ff-errors-in-stack ff_form_instance_10_1 ff-form-loading_errors ff_form_instance_10_1_errors'><\/div><\/div>        <script type=\"text\/javascript\">\n            window.fluent_form_ff_form_instance_10_1 = {\"id\":\"10\",\"settings\":{\"layout\":{\"labelPlacement\":\"top\",\"helpMessagePlacement\":\"with_label\",\"errorMessagePlacement\":\"inline\",\"cssClassName\":\"\",\"asteriskPlacement\":\"asterisk-right\"},\"restrictions\":{\"denyEmptySubmission\":{\"enabled\":false}}},\"form_instance\":\"ff_form_instance_10_1\",\"form_id_selector\":\"fluentform_10\",\"rules\":{\"checkbox\":{\"required\":{\"value\":true,\"message\":\"This field is required\"}},\"names[first_name]\":{\"required\":{\"value\":true,\"message\":\"Dieses Feld ist erforderlich\"}},\"names[middle_name]\":{\"required\":{\"value\":true,\"message\":\"This field is required\"}},\"names[last_name]\":{\"required\":{\"value\":false,\"message\":\"This field is required\"}},\"names_1[first_name]\":{\"required\":{\"value\":false,\"message\":\"This field is required\"}},\"names_1[middle_name]\":{\"required\":{\"value\":false,\"message\":\"This field is required\"}},\"names_1[last_name]\":{\"required\":{\"value\":true,\"message\":\"Dieses Feld ist erforderlich\"}},\"datetime\":{\"required\":{\"value\":true,\"message\":\"Dieses Feld ist erforderlich\"}},\"input_text\":{\"required\":{\"value\":true,\"message\":\"Dieses Feld ist erforderlich\"}},\"email\":{\"required\":{\"value\":true,\"message\":\"This field is required\"},\"email\":{\"value\":true,\"message\":\"This field must contain a valid email\"}},\"input_radio_1\":{\"required\":{\"value\":true,\"message\":\"Dieses Feld ist erforderlich\"}},\"input_text_24\":{\"required\":{\"value\":false,\"message\":\"This field is required\"}}}};\n                    <\/script>\n                    <\/div>\n\n            \t\t<\/div>\n\t\t\t\t<\/div>\n\t\t\t\t\t<\/div>\n\t\t<\/div>\n\t\t\t\t\t<\/div>\n\t\t<\/section>\n\t\t\t\t<\/div>\n\t\t","protected":false},"excerpt":{"rendered":"<p>Zur\u00fcck zur Website BEWERBUNG Job Aplication DE (#6) (#10) &#916; Auf was f\u00fcr eine Stelle bewirbst du dich? TreiberVorname Nachname Geburtsdatum Land Land ausw\u00e4hlenAfghanistanAland IslandsAlbaniaAlgeriaAmerican SamoaAndorraAngolaAnguillaAntarcticaAntigua and BarbudaArgentinaArmeniaArubaAustraliaAustriaAzerbaijanBahamasBahrainBangladeshBarbadosBelarusBelauBelgiumBelizeBeninBermudaBhutanBoliviaBonaire, Saint Eustatius and SabaBosnia and HerzegovinaBotswanaBouvet IslandBrazilBritish Indian Ocean TerritoryBritish Virgin IslandsBruneiBulgariaBurkina FasoBurundiCambodiaCameroonCanadaCape VerdeCayman IslandsCentral African RepublicChadChileChinaChristmas IslandCocos (Keeling) IslandsColombiaComorosCongo (Brazzaville)Congo (Kinshasa)Cook IslandsCosta RicaCroatiaCubaCura&ccedil;aoCyprusCzech RepublicDenmarkDjiboutiDominicaDominican RepublicEcuadorEgyptEl SalvadorEquatorial [&hellip;]<\/p>\n","protected":false},"author":1,"featured_media":1632,"parent":0,"menu_order":0,"comment_status":"closed","ping_status":"closed","template":"elementor_canvas","meta":{"footnotes":""},"class_list":["post-1387","page","type-page","status-publish","has-post-thumbnail","hentry"],"yoast_head":"<!-- This site is optimized with the Yoast SEO plugin v22.3 - https:\/\/yoast.com\/wordpress\/plugins\/seo\/ -->\n<title>BEWERBUNG - Dptrans2010.com<\/title>\n<meta name=\"description\" content=\"Zur\u00fcck zur Website BEWERBUNG Job Aplication DE (#6) (#10)&#916;Auf was f\u00fcr eine Stelle bewirbst du dich? TreiberVorname Nachname Geburtsdatum Land Land\" \/>\n<meta name=\"robots\" content=\"index, follow, max-snippet:-1, max-image-preview:large, max-video-preview:-1\" \/>\n<link rel=\"canonical\" href=\"https:\/\/dptrans2010.com\/de\/bewerbung\/\" \/>\n<meta property=\"og:locale\" content=\"de_DE\" \/>\n<meta property=\"og:type\" content=\"article\" \/>\n<meta property=\"og:title\" content=\"BEWERBUNG - Dptrans2010.com\" \/>\n<meta property=\"og:description\" content=\"Zur\u00fcck zur Website BEWERBUNG Job Aplication DE (#6) (#10)&#916;Auf was f\u00fcr eine Stelle bewirbst du dich? TreiberVorname Nachname Geburtsdatum Land Land\" \/>\n<meta property=\"og:url\" content=\"https:\/\/dptrans2010.com\/de\/bewerbung\/\" \/>\n<meta property=\"og:site_name\" content=\"Dptrans2010.com\" \/>\n<meta property=\"article:publisher\" content=\"https:\/\/www.facebook.com\/profile.php?id=100057551634375\" \/>\n<meta property=\"article:modified_time\" content=\"2023-07-03T13:09:15+00:00\" \/>\n<meta property=\"og:image\" content=\"https:\/\/dptrans2010.com\/wp-content\/uploads\/2023\/08\/truck-8.jpg\" \/>\n\t<meta property=\"og:image:width\" content=\"1080\" \/>\n\t<meta property=\"og:image:height\" content=\"810\" \/>\n\t<meta property=\"og:image:type\" content=\"image\/jpeg\" \/>\n<meta name=\"twitter:card\" content=\"summary_large_image\" \/>\n<meta name=\"twitter:label1\" content=\"Gesch\u00e4tzte Lesezeit\" \/>\n\t<meta name=\"twitter:data1\" content=\"1\u00a0Minute\" \/>\n<script type=\"application\/ld+json\" class=\"yoast-schema-graph\">{\"@context\":\"https:\/\/schema.org\",\"@graph\":[{\"@type\":\"WebPage\",\"@id\":\"https:\/\/dptrans2010.com\/de\/bewerbung\/\",\"url\":\"https:\/\/dptrans2010.com\/de\/bewerbung\/\",\"name\":\"BEWERBUNG - Dptrans2010.com\",\"isPartOf\":{\"@id\":\"https:\/\/dptrans2010.com\/#website\"},\"primaryImageOfPage\":{\"@id\":\"https:\/\/dptrans2010.com\/de\/bewerbung\/#primaryimage\"},\"image\":{\"@id\":\"https:\/\/dptrans2010.com\/de\/bewerbung\/#primaryimage\"},\"thumbnailUrl\":\"https:\/\/dptrans2010.com\/wp-content\/uploads\/2023\/08\/truck_1-1.jpg\",\"datePublished\":\"2022-12-15T11:37:48+00:00\",\"dateModified\":\"2023-07-03T13:09:15+00:00\",\"description\":\"Zur\u00fcck zur Website BEWERBUNG Job Aplication DE (#6) (#10)&#916;Auf was f\u00fcr eine Stelle bewirbst du dich? TreiberVorname Nachname Geburtsdatum Land Land\",\"breadcrumb\":{\"@id\":\"https:\/\/dptrans2010.com\/de\/bewerbung\/#breadcrumb\"},\"inLanguage\":\"de\",\"potentialAction\":[{\"@type\":\"ReadAction\",\"target\":[\"https:\/\/dptrans2010.com\/de\/bewerbung\/\"]}]},{\"@type\":\"ImageObject\",\"inLanguage\":\"de\",\"@id\":\"https:\/\/dptrans2010.com\/de\/bewerbung\/#primaryimage\",\"url\":\"https:\/\/dptrans2010.com\/wp-content\/uploads\/2023\/08\/truck_1-1.jpg\",\"contentUrl\":\"https:\/\/dptrans2010.com\/wp-content\/uploads\/2023\/08\/truck_1-1.jpg\",\"width\":960,\"height\":958,\"caption\":\"Our modern equipped vehicles are operating in countries worldwide under our own banner or our clients\u2019 livery. Our fleet counts over 30 vehicles.\"},{\"@type\":\"BreadcrumbList\",\"@id\":\"https:\/\/dptrans2010.com\/de\/bewerbung\/#breadcrumb\",\"itemListElement\":[{\"@type\":\"ListItem\",\"position\":1,\"name\":\"Home\",\"item\":\"https:\/\/dptrans2010.com\/de\/\"},{\"@type\":\"ListItem\",\"position\":2,\"name\":\"BEWERBUNG\"}]},{\"@type\":\"WebSite\",\"@id\":\"https:\/\/dptrans2010.com\/#website\",\"url\":\"https:\/\/dptrans2010.com\/\",\"name\":\"dptrans2010.com\",\"description\":\"\",\"publisher\":{\"@id\":\"https:\/\/dptrans2010.com\/#organization\"},\"alternateName\":\"dptrans2010.com\",\"potentialAction\":[{\"@type\":\"SearchAction\",\"target\":{\"@type\":\"EntryPoint\",\"urlTemplate\":\"https:\/\/dptrans2010.com\/?s={search_term_string}\"},\"query-input\":\"required name=search_term_string\"}],\"inLanguage\":\"de\"},{\"@type\":\"Organization\",\"@id\":\"https:\/\/dptrans2010.com\/#organization\",\"name\":\"Dptrans2010\",\"url\":\"https:\/\/dptrans2010.com\/\",\"logo\":{\"@type\":\"ImageObject\",\"inLanguage\":\"de\",\"@id\":\"https:\/\/dptrans2010.com\/#\/schema\/logo\/image\/\",\"url\":\"https:\/\/dptrans2010.com\/wp-content\/uploads\/2023\/08\/logo.jpg\",\"contentUrl\":\"https:\/\/dptrans2010.com\/wp-content\/uploads\/2023\/08\/logo.jpg\",\"width\":1200,\"height\":630,\"caption\":\"Dptrans2010\"},\"image\":{\"@id\":\"https:\/\/dptrans2010.com\/#\/schema\/logo\/image\/\"},\"sameAs\":[\"https:\/\/www.facebook.com\/profile.php?id=100057551634375\"]}]}<\/script>\n<!-- \/ Yoast SEO plugin. -->","yoast_head_json":{"title":"BEWERBUNG - Dptrans2010.com","description":"Zur\u00fcck zur Website BEWERBUNG Job Aplication DE (#6) (#10)&#916;Auf was f\u00fcr eine Stelle bewirbst du dich? TreiberVorname Nachname Geburtsdatum Land Land","robots":{"index":"index","follow":"follow","max-snippet":"max-snippet:-1","max-image-preview":"max-image-preview:large","max-video-preview":"max-video-preview:-1"},"canonical":"https:\/\/dptrans2010.com\/de\/bewerbung\/","og_locale":"de_DE","og_type":"article","og_title":"BEWERBUNG - Dptrans2010.com","og_description":"Zur\u00fcck zur Website BEWERBUNG Job Aplication DE (#6) (#10)&#916;Auf was f\u00fcr eine Stelle bewirbst du dich? TreiberVorname Nachname Geburtsdatum Land Land","og_url":"https:\/\/dptrans2010.com\/de\/bewerbung\/","og_site_name":"Dptrans2010.com","article_publisher":"https:\/\/www.facebook.com\/profile.php?id=100057551634375","article_modified_time":"2023-07-03T13:09:15+00:00","og_image":[{"width":1080,"height":810,"url":"https:\/\/dptrans2010.com\/wp-content\/uploads\/2023\/08\/truck-8.jpg","type":"image\/jpeg"}],"twitter_card":"summary_large_image","twitter_misc":{"Gesch\u00e4tzte Lesezeit":"1\u00a0Minute"},"schema":{"@context":"https:\/\/schema.org","@graph":[{"@type":"WebPage","@id":"https:\/\/dptrans2010.com\/de\/bewerbung\/","url":"https:\/\/dptrans2010.com\/de\/bewerbung\/","name":"BEWERBUNG - Dptrans2010.com","isPartOf":{"@id":"https:\/\/dptrans2010.com\/#website"},"primaryImageOfPage":{"@id":"https:\/\/dptrans2010.com\/de\/bewerbung\/#primaryimage"},"image":{"@id":"https:\/\/dptrans2010.com\/de\/bewerbung\/#primaryimage"},"thumbnailUrl":"https:\/\/dptrans2010.com\/wp-content\/uploads\/2023\/08\/truck_1-1.jpg","datePublished":"2022-12-15T11:37:48+00:00","dateModified":"2023-07-03T13:09:15+00:00","description":"Zur\u00fcck zur Website BEWERBUNG Job Aplication DE (#6) (#10)&#916;Auf was f\u00fcr eine Stelle bewirbst du dich? TreiberVorname Nachname Geburtsdatum Land Land","breadcrumb":{"@id":"https:\/\/dptrans2010.com\/de\/bewerbung\/#breadcrumb"},"inLanguage":"de","potentialAction":[{"@type":"ReadAction","target":["https:\/\/dptrans2010.com\/de\/bewerbung\/"]}]},{"@type":"ImageObject","inLanguage":"de","@id":"https:\/\/dptrans2010.com\/de\/bewerbung\/#primaryimage","url":"https:\/\/dptrans2010.com\/wp-content\/uploads\/2023\/08\/truck_1-1.jpg","contentUrl":"https:\/\/dptrans2010.com\/wp-content\/uploads\/2023\/08\/truck_1-1.jpg","width":960,"height":958,"caption":"Our modern equipped vehicles are operating in countries worldwide under our own banner or our clients\u2019 livery. Our fleet counts over 30 vehicles."},{"@type":"BreadcrumbList","@id":"https:\/\/dptrans2010.com\/de\/bewerbung\/#breadcrumb","itemListElement":[{"@type":"ListItem","position":1,"name":"Home","item":"https:\/\/dptrans2010.com\/de\/"},{"@type":"ListItem","position":2,"name":"BEWERBUNG"}]},{"@type":"WebSite","@id":"https:\/\/dptrans2010.com\/#website","url":"https:\/\/dptrans2010.com\/","name":"dptrans2010.com","description":"","publisher":{"@id":"https:\/\/dptrans2010.com\/#organization"},"alternateName":"dptrans2010.com","potentialAction":[{"@type":"SearchAction","target":{"@type":"EntryPoint","urlTemplate":"https:\/\/dptrans2010.com\/?s={search_term_string}"},"query-input":"required name=search_term_string"}],"inLanguage":"de"},{"@type":"Organization","@id":"https:\/\/dptrans2010.com\/#organization","name":"Dptrans2010","url":"https:\/\/dptrans2010.com\/","logo":{"@type":"ImageObject","inLanguage":"de","@id":"https:\/\/dptrans2010.com\/#\/schema\/logo\/image\/","url":"https:\/\/dptrans2010.com\/wp-content\/uploads\/2023\/08\/logo.jpg","contentUrl":"https:\/\/dptrans2010.com\/wp-content\/uploads\/2023\/08\/logo.jpg","width":1200,"height":630,"caption":"Dptrans2010"},"image":{"@id":"https:\/\/dptrans2010.com\/#\/schema\/logo\/image\/"},"sameAs":["https:\/\/www.facebook.com\/profile.php?id=100057551634375"]}]}},"_links":{"self":[{"href":"https:\/\/dptrans2010.com\/de\/wp-json\/wp\/v2\/pages\/1387","targetHints":{"allow":["GET"]}}],"collection":[{"href":"https:\/\/dptrans2010.com\/de\/wp-json\/wp\/v2\/pages"}],"about":[{"href":"https:\/\/dptrans2010.com\/de\/wp-json\/wp\/v2\/types\/page"}],"author":[{"embeddable":true,"href":"https:\/\/dptrans2010.com\/de\/wp-json\/wp\/v2\/users\/1"}],"replies":[{"embeddable":true,"href":"https:\/\/dptrans2010.com\/de\/wp-json\/wp\/v2\/comments?post=1387"}],"version-history":[{"count":0,"href":"https:\/\/dptrans2010.com\/de\/wp-json\/wp\/v2\/pages\/1387\/revisions"}],"wp:featuredmedia":[{"embeddable":true,"href":"https:\/\/dptrans2010.com\/de\/wp-json\/wp\/v2\/media\/1632"}],"wp:attachment":[{"href":"https:\/\/dptrans2010.com\/de\/wp-json\/wp\/v2\/media?parent=1387"}],"curies":[{"name":"wp","href":"https:\/\/api.w.org\/{rel}","templated":true}]}}